{"id":175,"date":"2025-07-25T17:56:53","date_gmt":"2025-07-25T17:56:53","guid":{"rendered":"https:\/\/www.orbitapublicitaria.com.br\/?page_id=175"},"modified":"2025-07-31T09:51:38","modified_gmt":"2025-07-31T09:51:38","slug":"175-2","status":"publish","type":"page","link":"https:\/\/www.orbitapublicitaria.com.br\/","title":{"rendered":"Home-Orbita"},"content":{"rendered":"\t\t<div data-elementor-type=\"wp-page\" data-elementor-id=\"175\" class=\"elementor elementor-175\" data-elementor-post-type=\"page\">\n\t\t\t\t<div class=\"elementor-element elementor-element-06d4b37 e-con-full e-flex e-con e-parent\" data-id=\"06d4b37\" data-element_type=\"container\">\n\t\t\t\t<div class=\"elementor-element elementor-element-56a3a83 elementor-widget elementor-widget-slider_revolution\" data-id=\"56a3a83\" data-element_type=\"widget\" data-widget_type=\"slider_revolution.default\">\n\t\t\t\t\t\n\t\t<div class=\"wp-block-themepunch-revslider\">\n\t\t\t\t<p class=\"rs-p-wp-fix\"><\/p>\n\t\t\t\t<sr7-module data-alias=\"FutureSight-Digital-Marketing-Template\" data-id=\"16\" id=\"SR7_16_1\" class=\"rs-ov-hidden\" data-version=\"6.7.35\">\n\t\t\t\t\t<sr7-adjuster><\/sr7-adjuster>\n\t\t\t\t\t<sr7-content>\n\t\t\t\t\t\t<sr7-carousel>\n\t\t\t\t\t\t<sr7-slide id=\"SR7_16_1-50\" data-key=\"50\">\n\t\t\t\t\t\t\t<h2 id=\"SR7_16_1-50-0\" class=\"sr7-layer\">Na \u00d3rbita Publicit\u00e1ria, navegamos pelo espa\u00e7o da criatividade para levar a sua marca a gal\u00e1xias mais distantes.<\/h2>\n\t\t\t\t\t\t\t<p id=\"SR7_16_1-50-1\" class=\"sr7-layer\">Somos uma ag\u00eancia de marketing digital, publicidade e propaganda com uma miss\u00e3o clara: colocar a sua marca na \u00f3rbita certa. Combinamos estrat\u00e9gia, design, tecnologia e paix\u00e3o para impulsionar neg\u00f3cios como verdadeiros foguetes.<\/p>\n\t\t\t\t\t\t\t<sr7-txt id=\"SR7_16_1-50-8\" class=\"sr7-layer\">Get Slider Revolution \u2192<\/sr7-txt>\n\t\t\t\t\t\t\t<h3 id=\"SR7_16_1-50-12\" class=\"sr7-layer\">BEM-VINDO AO NOSSO WEBSITE<\/h3>\n\t\t\t\t\t\t<\/sr7-slide>\n\t\t\t\t\t\t<sr7-slide id=\"SR7_16_1-51\" data-key=\"51\">\n\t\t\t\t\t\t\t<h2 id=\"SR7_16_1-51-9\" class=\"sr7-layer\">0{{current_slide_index}} <span style=\"opacity:0.35;\">&nbsp; | &nbsp; 0{{total_slide_count}}<\/span><\/h2>\n\t\t\t\t\t\t\t<sr7-txt id=\"SR7_16_1-51-11\" class=\"sr7-layer\"><i class=\"material-icons\">arrow_forward<\/i><\/sr7-txt>\n\t\t\t\t\t\t\t<sr7-txt id=\"SR7_16_1-51-21\" class=\"sr7-layer\"><i class=\"material-icons\">arrow_back<\/i><\/sr7-txt>\n\t\t\t\t\t\t<\/sr7-slide>\n\t\t\t\t\t\t<\/sr7-carousel>\n\t\t\t\t\t<\/sr7-content>\n\t\t\t\t<\/sr7-module>\n\t\t\t\t<script>\n\t\t\t\t\tSR7.PMH ??={}; SR7.PMH[\"SR7_16_1\"] = {cn:100,state:false,fn: function() { if (_tpt!==undefined && _tpt.prepareModuleHeight !== undefined) {  _tpt.prepareModuleHeight({id:\"SR7_16_1\",el:[500,500,600,700,550],type:'carousel',shdw:'0',gh:[500,500,600,700,550],gw:[1240,1240,1024,778,480],vpt:['-100px&#039;,&#039;-100px&#039;,&#039;-100px&#039;,&#039;-100px&#039;,&#039;-100px'],size:{fullWidth:true, fullHeight:false},mh:'0',onh:0,onw:0,bg:{color:'{\"type\":\"solid\",\"orig\":\"#16131a\",\"string\":\"rgba(22, 19, 26, 1)\"}'},carousel:{pt:'0',pb:'0'},plType:'7',plColor:'#111827'});   SR7.PMH[\"SR7_16_1\"].state=true;} else if(SR7.PMH[\"SR7_16_1\"].cn-->0)\tsetTimeout( SR7.PMH[\"SR7_16_1\"].fn,19);}};SR7.PMH[\"SR7_16_1\" ].fn();\n\t\t\t\t<\/script>\n<\/div>\n\n\t\t\t\t\t\t<\/div>\n\t\t\t\t<\/div>\n\t\t<div class=\"elementor-element elementor-element-4a8634b e-con-full e-flex e-con e-parent\" data-id=\"4a8634b\" data-element_type=\"container\">\n\t\t\t\t<div class=\"elementor-element elementor-element-1710681 elementor-widget elementor-widget-slider_revolution\" data-id=\"1710681\" data-element_type=\"widget\" data-widget_type=\"slider_revolution.default\">\n\t\t\t\t\t\n\t\t<div class=\"wp-block-themepunch-revslider\">\n\t\t\t\t<p class=\"rs-p-wp-fix\"><\/p>\n\t\t\t\t<sr7-module data-alias=\"G-AI-Intro\" data-id=\"19\" id=\"SR7_19_2\" class=\"rs-ov-hidden\" data-version=\"6.7.35\">\n\t\t\t\t\t<sr7-adjuster><\/sr7-adjuster>\n\t\t\t\t\t<sr7-content>\n\t\t\t\t\t\t<sr7-slide id=\"SR7_19_2-53\" data-key=\"53\">\n\t\t\t\t\t\t\t<sr7-txt id=\"SR7_19_2-53-8\" class=\"sr7-layer\">Combinamos estrat\u00e9gia, design e tecnologia<\/sr7-txt>\n\t\t\t\t\t\t\t<sr7-txt id=\"SR7_19_2-53-9\" class=\"sr7-layer\">para impulsionar neg\u00f3cios<\/sr7-txt>\n\t\t\t\t\t\t<\/sr7-slide>\n\t\t\t\t\t\t<sr7-slide id=\"SR7_19_2-80\" data-key=\"80\">\n\t\t\t\t\t\t<\/sr7-slide>\n\t\t\t\t\t<\/sr7-content>\n\t\t\t\t\t<image_lists style=\"display:none\">\n\t\t\t\t\t\t<img data-src=\"\/\/www.orbitapublicitaria.com.br\/wp-content\/uploads\/revslider\/G-AI-Intro\/Group-36.png\" data-libid=\"122\" data-lib=\"medialibrary\" title=\"Group-36.png\" width=\"0\" height=\"0\" data-dbsrc=\"Ly93d3cub3JiaXRhcHVibGljaXRhcmlhLmNvbS5ici93cC1jb250ZW50L3VwbG9hZHMvcmV2c2xpZGVyL0ctQUktSW50cm8vR3JvdXAtMzYucG5n\"\/>\n\t\t\t\t\t\t<img data-src=\"\/\/www.orbitapublicitaria.com.br\/wp-content\/uploads\/revslider\/G-AI-Intro\/Group-66.png\" data-libid=\"123\" data-lib=\"medialibrary\" title=\"Group-66.png\" width=\"0\" height=\"0\" data-dbsrc=\"Ly93d3cub3JiaXRhcHVibGljaXRhcmlhLmNvbS5ici93cC1jb250ZW50L3VwbG9hZHMvcmV2c2xpZGVyL0ctQUktSW50cm8vR3JvdXAtNjYucG5n\"\/>\n\t\t\t\t\t<\/image_lists>\n\t\t\t\t<\/sr7-module>\n\t\t\t\t<script>\n\t\t\t\t\tSR7.PMH ??={}; SR7.PMH[\"SR7_19_2\"] = {cn:100,state:false,fn: function() { if (_tpt!==undefined && _tpt.prepareModuleHeight !== undefined) {  _tpt.prepareModuleHeight({id:\"SR7_19_2\",el:[1050,1050,895,800,550],type:'hero',shdw:'0',gh:[800,800,895,800,550],gw:[1240,1240,1024,778,480],vpt:['250px&#039;,&#039;250px&#039;,&#039;250px&#039;,&#039;250px&#039;,&#039;250px'],size:{fullWidth:true, fullHeight:false},mh:'0',onh:0,onw:0,bg:{color:'{\"type\":\"solid\",\"orig\":\"#161319\",\"string\":\"rgba(22, 19, 25, 1)\"}'}});   SR7.PMH[\"SR7_19_2\"].state=true;} else if(SR7.PMH[\"SR7_19_2\"].cn-->0)\tsetTimeout( SR7.PMH[\"SR7_19_2\"].fn,19);}};SR7.PMH[\"SR7_19_2\" ].fn();\n\t\t\t\t<\/script>\n<\/div>\n\n\t\t\t\t\t\t<\/div>\n\t\t\t\t<\/div>\n\t\t<div class=\"elementor-element elementor-element-26ae282 e-con-full e-flex e-con e-parent\" data-id=\"26ae282\" data-element_type=\"container\">\n\t\t\t\t<div class=\"elementor-element elementor-element-27d572c elementor-widget elementor-widget-slider_revolution\" data-id=\"27d572c\" data-element_type=\"widget\" data-widget_type=\"slider_revolution.default\">\n\t\t\t\t\t\n\t\t<div class=\"wp-block-themepunch-revslider\">\n\t\t\t\t<p class=\"rs-p-wp-fix\"><\/p>\n\t\t\t\t<sr7-module data-alias=\"G-AI-Copy\" data-id=\"22\" id=\"writing-tool\" class=\"rs-ov-hidden\" data-version=\"6.7.35\">\n\t\t\t\t\t<sr7-adjuster><\/sr7-adjuster>\n\t\t\t\t\t<sr7-content>\n\t\t\t\t\t\t<sr7-slide id=\"writing-tool-63\" data-key=\"63\">\n\t\t\t\t\t\t\t<sr7-txt id=\"writing-tool-63-1\" class=\"sr7-layer\">O que fazemos<\/sr7-txt>\n\t\t\t\t\t\t\t<sr7-txt id=\"writing-tool-63-5\" class=\"sr7-layer\">Branding & Identidade Visual<\/sr7-txt>\n\t\t\t\t\t\t\t<sr7-txt id=\"writing-tool-63-7\" class=\"sr7-layer\">Preparamos o lan\u00e7amento da sua marca como se fosse uma miss\u00e3o espacial: com estudo, precis\u00e3o e impacto visual para conquistar o seu universo.<\/sr7-txt>\n\t\t\t\t\t\t\t<sr7-txt id=\"writing-tool-63-11\" class=\"sr7-layer\">SERVI\u00c7OS<\/sr7-txt>\n\t\t\t\t\t\t\t<sr7-txt id=\"writing-tool-63-15\" class=\"sr7-layer\">Marketing Digital & Performance<\/sr7-txt>\n\t\t\t\t\t\t\t<sr7-txt id=\"writing-tool-63-17\" class=\"sr7-layer\">SEO, Google Ads, redes sociais e automa\u00e7\u00f5es. Tudo para colocar a sua empresa em velocidade de cruzeiro e atrair clientes como um campo gravitacional poderoso.<\/sr7-txt>\n\t\t\t\t\t\t\t<sr7-txt id=\"writing-tool-63-23\" class=\"sr7-layer\">Design Gr\u00e1fico e Publicidade<\/sr7-txt>\n\t\t\t\t\t\t\t<sr7-txt id=\"writing-tool-63-25\" class=\"sr7-layer\">Criamos pe\u00e7as visuais que brilham como estrelas e capturam a aten\u00e7\u00e3o como supernovas.<\/sr7-txt>\n\t\t\t\t\t\t\t<sr7-txt id=\"writing-tool-63-28\" class=\"sr7-layer\">Redes Sociais e Conte\u00fado<\/sr7-txt>\n\t\t\t\t\t\t\t<sr7-txt id=\"writing-tool-63-30\" class=\"sr7-layer\">Gerimos a comunica\u00e7\u00e3o da sua marca para que a sua mensagem ecoe no espa\u00e7o certo e atinja o p\u00fablico-alvo em cheio.<\/sr7-txt>\n\t\t\t\t\t\t<\/sr7-slide>\n\t\t\t\t\t\t<sr7-slide id=\"writing-tool-83\" data-key=\"83\">\n\t\t\t\t\t\t<\/sr7-slide>\n\t\t\t\t\t<\/sr7-content>\n\t\t\t\t\t<image_lists style=\"display:none\">\n\t\t\t\t\t\t<img data-src=\"\/\/www.orbitapublicitaria.com.br\/wp-content\/uploads\/revslider\/G-AI-Copy\/cilinder.png\" data-libid=\"139\" data-lib=\"medialibrary\" title=\"cilinder.png\" width=\"0\" height=\"0\" data-dbsrc=\"Ly93d3cub3JiaXRhcHVibGljaXRhcmlhLmNvbS5ici93cC1jb250ZW50L3VwbG9hZHMvcmV2c2xpZGVyL0ctQUktQ29weS9jaWxpbmRlci5wbmc=\"\/>\n\t\t\t\t\t\t<img loading=\"lazy\" data-src=\"\/\/www.orbitapublicitaria.com.br\/wp-content\/uploads\/revslider\/G-AI-Copy\/Group-121.png\" data-libid=\"140\" data-lib=\"medialibrary\" title=\"Group-121.png\" width=\"0\" height=\"0\" data-dbsrc=\"Ly93d3cub3JiaXRhcHVibGljaXRhcmlhLmNvbS5ici93cC1jb250ZW50L3VwbG9hZHMvcmV2c2xpZGVyL0ctQUktQ29weS9Hcm91cC0xMjEucG5n\"\/>\n\t\t\t\t\t\t<img loading=\"lazy\" data-src=\"\/\/www.orbitapublicitaria.com.br\/wp-content\/uploads\/revslider\/G-AI-Copy\/Group-104.png\" data-libid=\"141\" data-lib=\"medialibrary\" title=\"Group-104.png\" width=\"0\" height=\"0\" data-dbsrc=\"Ly93d3cub3JiaXRhcHVibGljaXRhcmlhLmNvbS5ici93cC1jb250ZW50L3VwbG9hZHMvcmV2c2xpZGVyL0ctQUktQ29weS9Hcm91cC0xMDQucG5n\"\/>\n\t\t\t\t\t\t<img data-src=\"\/\/www.orbitapublicitaria.com.br\/wp-content\/uploads\/revslider\/G-AI-Intro\/Group-66.png\" data-libid=\"123\" data-lib=\"medialibrary\" title=\"Group-66.png\" width=\"0\" height=\"0\" data-dbsrc=\"Ly93d3cub3JiaXRhcHVibGljaXRhcmlhLmNvbS5ici93cC1jb250ZW50L3VwbG9hZHMvcmV2c2xpZGVyL0ctQUktSW50cm8vR3JvdXAtNjYucG5n\"\/>\n\t\t\t\t\t<\/image_lists>\n\t\t\t\t<\/sr7-module>\n\t\t\t\t<script>\n\t\t\t\t\tSR7.PMH ??={}; SR7.PMH[\"writing-tool\"] = {cn:100,state:false,fn: function() { if (_tpt!==undefined && _tpt.prepareModuleHeight !== undefined) {  _tpt.prepareModuleHeight({id:\"writing-tool\",el:[2800,2800,2132,1556,1382],type:'hero',shdw:'0',gh:[600,600,1632,1256,1082],gw:[1240,1240,1024,778,480],vpt:['250px&#039;,&#039;250px&#039;,&#039;250px&#039;,&#039;250px&#039;,&#039;250px'],size:{fullWidth:true, fullHeight:false},mh:'0',onh:0,onw:0,bg:{color:'{\"type\":\"solid\",\"orig\":\"#161319\",\"string\":\"rgba(22, 19, 25, 1)\"}'}});   SR7.PMH[\"writing-tool\"].state=true;} else if(SR7.PMH[\"writing-tool\"].cn-->0)\tsetTimeout( SR7.PMH[\"writing-tool\"].fn,19);}};SR7.PMH[\"writing-tool\" ].fn();\n\t\t\t\t<\/script>\n<\/div>\n\n\t\t\t\t\t\t<\/div>\n\t\t\t\t<\/div>\n\t\t<div class=\"elementor-element elementor-element-46fad46 e-con-full e-flex e-con e-parent\" data-id=\"46fad46\" data-element_type=\"container\">\n\t\t\t\t<div class=\"elementor-element elementor-element-920945e elementor-widget elementor-widget-slider_revolution\" data-id=\"920945e\" data-element_type=\"widget\" data-widget_type=\"slider_revolution.default\">\n\t\t\t\t\t\n\t\t<div class=\"wp-block-themepunch-revslider\">\n\t\t\t\t<p class=\"rs-p-wp-fix\"><\/p>\n\t\t\t\t<sr7-module data-alias=\"G-AI-Gallery-Title\" data-id=\"25\" id=\"SR7_25_4\" class=\"rs-ov-hidden\" data-version=\"6.7.35\">\n\t\t\t\t\t<sr7-adjuster><\/sr7-adjuster>\n\t\t\t\t\t<sr7-content>\n\t\t\t\t\t\t<sr7-slide id=\"SR7_25_4-68\" data-key=\"68\">\n\t\t\t\t\t\t\t<sr7-txt id=\"SR7_25_4-68-20\" class=\"sr7-layer\">Confira alguns exemplos<\/sr7-txt>\n\t\t\t\t\t\t\t<sr7-txt id=\"SR7_25_4-68-21\" class=\"sr7-layer\">Eleve a sua marca e o seu neg\u00f3cio<\/sr7-txt>\n\t\t\t\t\t\t\t<sr7-txt id=\"SR7_25_4-68-23\" class=\"sr7-layer\">dos nossos trabalhos criativos<\/sr7-txt>\n\t\t\t\t\t\t<\/sr7-slide>\n\t\t\t\t\t\t<sr7-slide id=\"SR7_25_4-86\" data-key=\"86\">\n\t\t\t\t\t\t<\/sr7-slide>\n\t\t\t\t\t<\/sr7-content>\n\t\t\t\t<\/sr7-module>\n\t\t\t\t<script>\n\t\t\t\t\tSR7.PMH ??={}; SR7.PMH[\"SR7_25_4\"] = {cn:100,state:false,fn: function() { if (_tpt!==undefined && _tpt.prepareModuleHeight !== undefined) {  _tpt.prepareModuleHeight({id:\"SR7_25_4\",el:[600,600,500,600,400],type:'hero',shdw:'0',gh:[600,600,500,600,400],gw:[1240,1240,1024,778,480],vpt:['200px&#039;,&#039;200px&#039;,&#039;200px&#039;,&#039;200px&#039;,&#039;200px'],size:{fullWidth:true, fullHeight:false},mh:'0',onh:0,onw:0,bg:{color:'{\"type\":\"solid\",\"orig\":\"#161319\",\"string\":\"rgba(22, 19, 25, 1)\"}'}});   SR7.PMH[\"SR7_25_4\"].state=true;} else if(SR7.PMH[\"SR7_25_4\"].cn-->0)\tsetTimeout( SR7.PMH[\"SR7_25_4\"].fn,19);}};SR7.PMH[\"SR7_25_4\" ].fn();\n\t\t\t\t<\/script>\n<\/div>\n\n\t\t\t\t\t\t<\/div>\n\t\t\t\t<\/div>\n\t\t<div class=\"elementor-element elementor-element-95b2453 e-con-full e-flex e-con e-parent\" data-id=\"95b2453\" data-element_type=\"container\">\n\t\t\t\t<div class=\"elementor-element elementor-element-a2494d5 elementor-widget elementor-widget-slider_revolution\" data-id=\"a2494d5\" data-element_type=\"widget\" data-widget_type=\"slider_revolution.default\">\n\t\t\t\t\t\n\t\t<div class=\"wp-block-themepunch-revslider\">\n\t\t\t\t<p class=\"rs-p-wp-fix\"><\/p>\n\t\t\t\t<sr7-module data-alias=\"G-AI-Gallery\" data-id=\"26\" id=\"examples\" class=\"rs-ov-hidden\" data-version=\"6.7.35\">\n\t\t\t\t\t<sr7-adjuster><\/sr7-adjuster>\n\t\t\t\t\t<sr7-content>\n\t\t\t\t\t\t<sr7-carousel>\n\t\t\t\t\t\t<sr7-slide id=\"examples-69\" data-key=\"69\">\n\t\t\t\t\t\t<\/sr7-slide>\n\t\t\t\t\t\t<sr7-slide id=\"examples-70\" data-key=\"70\">\n\t\t\t\t\t\t<\/sr7-slide>\n\t\t\t\t\t\t<sr7-slide id=\"examples-71\" data-key=\"71\">\n\t\t\t\t\t\t<\/sr7-slide>\n\t\t\t\t\t\t<sr7-slide id=\"examples-72\" data-key=\"72\">\n\t\t\t\t\t\t<\/sr7-slide>\n\t\t\t\t\t\t<sr7-slide id=\"examples-73\" data-key=\"73\">\n\t\t\t\t\t\t<\/sr7-slide>\n\t\t\t\t\t\t<sr7-slide id=\"examples-74\" data-key=\"74\">\n\t\t\t\t\t\t<\/sr7-slide>\n\t\t\t\t\t\t<sr7-slide id=\"examples-87\" data-key=\"87\">\n\t\t\t\t\t\t\t<sr7-txt id=\"examples-87-0\" class=\"sr7-layer\"><i class=\"fa-angle-right\"><\/i><\/sr7-txt>\n\t\t\t\t\t\t\t<sr7-txt id=\"examples-87-1\" class=\"sr7-layer\"><i class=\"fa-angle-left\"><\/i><\/sr7-txt>\n\t\t\t\t\t\t<\/sr7-slide>\n\t\t\t\t\t\t<\/sr7-carousel>\n\t\t\t\t\t<\/sr7-content>\n\t\t\t\t\t<image_lists style=\"display:none\">\n\t\t\t\t\t\t<img loading=\"lazy\" data-src=\"\/\/www.orbitapublicitaria.com.br\/wp-content\/uploads\/revslider\/G-AI-Images\/monkey.jpg\" data-libid=\"132\" title=\"monkey.jpg\" width=\"0\" height=\"0\" data-dbsrc=\"Ly93d3cub3JiaXRhcHVibGljaXRhcmlhLmNvbS5ici93cC1jb250ZW50L3VwbG9hZHMvcmV2c2xpZGVyL0ctQUktSW1hZ2VzL21vbmtleS5qcGc=\"\/>\n\t\t\t\t\t\t<img loading=\"lazy\" data-src=\"\/\/www.orbitapublicitaria.com.br\/wp-content\/uploads\/revslider\/G-AI-Gallery\/boy.jpg\" data-libid=\"156\" title=\"boy.jpg\" width=\"0\" height=\"0\" data-dbsrc=\"Ly93d3cub3JiaXRhcHVibGljaXRhcmlhLmNvbS5ici93cC1jb250ZW50L3VwbG9hZHMvcmV2c2xpZGVyL0ctQUktR2FsbGVyeS9ib3kuanBn\"\/>\n\t\t\t\t\t\t<img loading=\"lazy\" data-src=\"\/\/www.orbitapublicitaria.com.br\/wp-content\/uploads\/revslider\/G-AI-Gallery\/man.jpg\" data-libid=\"157\" title=\"man.jpg\" width=\"0\" height=\"0\" data-dbsrc=\"Ly93d3cub3JiaXRhcHVibGljaXRhcmlhLmNvbS5ici93cC1jb250ZW50L3VwbG9hZHMvcmV2c2xpZGVyL0ctQUktR2FsbGVyeS9tYW4uanBn\"\/>\n\t\t\t\t\t\t<img loading=\"lazy\" data-src=\"\/\/www.orbitapublicitaria.com.br\/wp-content\/uploads\/revslider\/G-AI-Gallery\/fox.jpg\" data-libid=\"159\" title=\"fox.jpg\" width=\"0\" height=\"0\" data-dbsrc=\"Ly93d3cub3JiaXRhcHVibGljaXRhcmlhLmNvbS5ici93cC1jb250ZW50L3VwbG9hZHMvcmV2c2xpZGVyL0ctQUktR2FsbGVyeS9mb3guanBn\"\/>\n\t\t\t\t\t\t<img loading=\"lazy\" data-src=\"\/\/www.orbitapublicitaria.com.br\/wp-content\/uploads\/revslider\/G-AI-Gallery\/woman21.jpg\" data-libid=\"161\" title=\"woman21.jpg\" width=\"0\" height=\"0\" data-dbsrc=\"Ly93d3cub3JiaXRhcHVibGljaXRhcmlhLmNvbS5ici93cC1jb250ZW50L3VwbG9hZHMvcmV2c2xpZGVyL0ctQUktR2FsbGVyeS93b21hbjIxLmpwZw==\"\/>\n\t\t\t\t\t\t<img loading=\"lazy\" data-src=\"\/\/www.orbitapublicitaria.com.br\/wp-content\/uploads\/revslider\/G-AI-Gallery\/swirl.jpg\" data-libid=\"162\" title=\"swirl.jpg\" width=\"0\" height=\"0\" data-dbsrc=\"Ly93d3cub3JiaXRhcHVibGljaXRhcmlhLmNvbS5ici93cC1jb250ZW50L3VwbG9hZHMvcmV2c2xpZGVyL0ctQUktR2FsbGVyeS9zd2lybC5qcGc=\"\/>\n\t\t\t\t\t\t<img loading=\"lazy\" data-src=\"\/\/www.orbitapublicitaria.com.br\/wp-content\/uploads\/revslider\/G-AI-Gallery\/punk.jpg\" data-libid=\"164\" title=\"punk.jpg\" width=\"0\" height=\"0\" data-dbsrc=\"Ly93d3cub3JiaXRhcHVibGljaXRhcmlhLmNvbS5ici93cC1jb250ZW50L3VwbG9hZHMvcmV2c2xpZGVyL0ctQUktR2FsbGVyeS9wdW5rLmpwZw==\"\/>\n\t\t\t\t\t\t<img loading=\"lazy\" data-src=\"\/\/www.orbitapublicitaria.com.br\/wp-content\/uploads\/revslider\/G-AI-Gallery\/woman.jpg\" data-libid=\"166\" title=\"woman.jpg\" width=\"0\" height=\"0\" data-dbsrc=\"Ly93d3cub3JiaXRhcHVibGljaXRhcmlhLmNvbS5ici93cC1jb250ZW50L3VwbG9hZHMvcmV2c2xpZGVyL0ctQUktR2FsbGVyeS93b21hbi5qcGc=\"\/>\n\t\t\t\t\t\t<img loading=\"lazy\" data-src=\"\/\/www.orbitapublicitaria.com.br\/wp-content\/uploads\/revslider\/G-AI-Gallery\/mannn.jpg\" data-libid=\"167\" title=\"mannn.jpg\" width=\"0\" height=\"0\" data-dbsrc=\"Ly93d3cub3JiaXRhcHVibGljaXRhcmlhLmNvbS5ici93cC1jb250ZW50L3VwbG9hZHMvcmV2c2xpZGVyL0ctQUktR2FsbGVyeS9tYW5ubi5qcGc=\"\/>\n\t\t\t\t\t<\/image_lists>\n\t\t\t\t<\/sr7-module>\n\t\t\t\t<script>\n\t\t\t\t\tSR7.PMH ??={}; SR7.PMH[\"examples\"] = {cn:100,state:false,fn: function() { if (_tpt!==undefined && _tpt.prepareModuleHeight !== undefined) {  _tpt.prepareModuleHeight({id:\"examples\",el:[900,900,770,960,720],type:'carousel',shdw:'0',gh:[900,900,770,960,720],gw:[700,700,850,778,480],vpt:['100px&#039;,&#039;100px&#039;,&#039;100px&#039;,&#039;100px&#039;,&#039;100px'],size:{fullWidth:true, fullHeight:false},mh:'0',onh:0,onw:0,bg:{color:'{\"type\":\"solid\",\"orig\":\"#161319\",\"string\":\"rgba(22, 19, 25, 1)\"}'},carousel:{pt:'0',pb:'0'}});   SR7.PMH[\"examples\"].state=true;} else if(SR7.PMH[\"examples\"].cn-->0)\tsetTimeout( SR7.PMH[\"examples\"].fn,19);}};SR7.PMH[\"examples\" ].fn();\n\t\t\t\t<\/script>\n<\/div>\n\n\t\t\t\t\t\t<\/div>\n\t\t\t\t<\/div>\n\t\t\t\t<\/div>\n\t\t","protected":false},"excerpt":{"rendered":"","protected":false},"author":1,"featured_media":0,"parent":0,"menu_order":0,"comment_status":"closed","ping_status":"closed","template":"elementor_header_footer","meta":{"footnotes":""},"class_list":["post-175","page","type-page","status-publish","hentry"],"_links":{"self":[{"href":"https:\/\/www.orbitapublicitaria.com.br\/index.php?rest_route=\/wp\/v2\/pages\/175","targetHints":{"allow":["GET"]}}],"collection":[{"href":"https:\/\/www.orbitapublicitaria.com.br\/index.php?rest_route=\/wp\/v2\/pages"}],"about":[{"href":"https:\/\/www.orbitapublicitaria.com.br\/index.php?rest_route=\/wp\/v2\/types\/page"}],"author":[{"embeddable":true,"href":"https:\/\/www.orbitapublicitaria.com.br\/index.php?rest_route=\/wp\/v2\/users\/1"}],"replies":[{"embeddable":true,"href":"https:\/\/www.orbitapublicitaria.com.br\/index.php?rest_route=%2Fwp%2Fv2%2Fcomments&post=175"}],"version-history":[{"count":42,"href":"https:\/\/www.orbitapublicitaria.com.br\/index.php?rest_route=\/wp\/v2\/pages\/175\/revisions"}],"predecessor-version":[{"id":278,"href":"https:\/\/www.orbitapublicitaria.com.br\/index.php?rest_route=\/wp\/v2\/pages\/175\/revisions\/278"}],"wp:attachment":[{"href":"https:\/\/www.orbitapublicitaria.com.br\/index.php?rest_route=%2Fwp%2Fv2%2Fmedia&parent=175"}],"curies":[{"name":"wp","href":"https:\/\/api.w.org\/{rel}","templated":true}]}}